{"id":3,"date":"2023-12-08T16:54:52","date_gmt":"2023-12-08T16:54:52","guid":{"rendered":"https:\/\/drivesmarttravel.com\/?page_id=3"},"modified":"2023-12-08T21:50:16","modified_gmt":"2023-12-08T21:50:16","slug":"terminos-condiciones","status":"publish","type":"page","link":"https:\/\/drivesmarttravel.com\/?page_id=3","title":{"rendered":"Terminos y Condiciones"},"content":{"rendered":"\n<h2 class=\"wp-block-heading\">T\u00e9rminos y condiciones<\/h2>\n\n\n\n<p>-Documentaci\u00f3n Obligatoria: Al momento de la recogida del veh\u00edculo el conductor deber\u00e1 presentar los siguientes documentos:<br>\u2013 &nbsp; &nbsp; &nbsp; &nbsp;Factura (Confirmaci\u00f3n) de reserva.<br>\u2013 &nbsp; &nbsp; &nbsp; &nbsp;Comprobante de condiciones del alquiler (T\u00e9rminos y condiciones).<br>\u2013 &nbsp; &nbsp; &nbsp; &nbsp;Pasaporte \/ Documento nacional de identi\ufb01caci\u00f3n.<br>\u2013 &nbsp; &nbsp; &nbsp; &nbsp;Licencia Valida y vigente.<br>\u2013 &nbsp; &nbsp; &nbsp; &nbsp;Tarjeta de Cr\u00e9dito o D\u00e9bito (habilitada para pagos en moneda extranjera) en f\u00edsico a nombre del conductor. Estas tarjetas pueden ser de las franquicias: Visa, Master, Diners o Discover (Amex no es permitida al retirar el vehiculo). Sobre esta se aplicar\u00e1 una retenci\u00f3n de $300 a&nbsp;$2.000&nbsp;USD dependiendo del tipo de veh\u00edculo y seguro vehicular como motivo de garant\u00eda. No se aceptan tarjetas Virtuales \/ Digitales.<br><br>-Conductor:<br><br>\u2013 &nbsp; &nbsp; &nbsp; &nbsp;La edad m\u00ednima para alquilar un coche es 21 a\u00f1os.<br>\u2013 &nbsp; &nbsp; &nbsp; &nbsp;El suplemento por conductor joven es de $12.99 USD por d\u00eda se aplica a los conductores menores de 25 a\u00f1os.<br>\u2013 &nbsp; &nbsp; &nbsp; &nbsp;Para recoger el coche, se requieren los siguientes documentos: permiso de conducir v\u00e1lido, tarjeta de cr\u00e9dito\/d\u00e9bito a nombre del conductor principal, Pasaporte o tarjeta de identi\ufb01caci\u00f3n.<br><br>Seguro Vehicular: La toma del seguro por parte de TC incrementa el valor de retenci\u00f3n en dep\u00f3sito de seguridad. Seguro b\u00e1sico obligatorios incluye responsabilidad civil \/ da\u00f1os para terceros. El costo del seguro de responsabilidad civil se encuentra desde $29.99 al d\u00eda (var\u00eda seg\u00fan veh\u00edculo y temporada) -Seguro de Cdw o collision: El cliente debe demostrar prueba de seguro (carta generada por el banco o declaration page) al momento de rentar el veh\u00edculo, y en caso de no poseer cobertura, deber\u00e1 adquirir una con&nbsp; la rentadora.<\/p>\n\n\n\n<p>-Dispositivo de Telepeaje: Todos nuestros veh\u00edculos poseen el dispositivo de E\/PASS incorporado en el vidrio parabrisa y, es obligatorio adquirir cualquiera de los modelos de telepeajes ofrecidos por la rentadora. Si el cliente retira el Sunpass (calcoman\u00eda) del autom\u00f3vil, se aplicar\u00e1 una multa adicional de $500 USD. El sistema prepagado de telepeajes tiene un valor de&nbsp;$19.99, este ya incluye el valor de activaci\u00f3n de&nbsp;14.99&nbsp;por dia. No se aceptan peajes secundarios ni visitor pass.<br><br>-Tasas: &nbsp;Los cargos correspondientes a tasas son comprendidos por: one way fee, RSV, after hour, process and facility \/ license recovery \/ rdf, surcharge, No Show y Sale tax. Estos deber\u00e1n ser pagados al momento de la toma del veh\u00edculo (var\u00edan seg\u00fan veh\u00edculo y temporada).<\/p>\n\n\n\n<p>-Informaci\u00f3n Adicional:<\/p>\n\n\n\n<p>a) No hay devoluci\u00f3n por devoluci\u00f3n anticipada. Todas las cantidades pagadas no son reembolsables. Sin excepciones. b) Si el arrendatario no se presenta dentro de 1 hora despu\u00e9s de la hora de recogida programada, La rentadora tiene el derecho de declarar el evento NO-SHOW y no proporcionar un autom\u00f3vil en caso de que el arrendatario se presente m\u00e1s tarde. Si la rentadora tiene el veh\u00edculo disponible despu\u00e9s de colocar NO-SHOW en la reserva, se aplicar\u00e1 una tarifa de reposici\u00f3n de hasta $&nbsp;65.00&nbsp;m\u00e1s impuestos. c) El veh\u00edculo debe devolverse en la fecha y hora indicadas en el contrato de alquiler. Hay 2 horas de un per\u00edodo de gracia para devolver el veh\u00edculo sin cargos. De lo contrario, se puede aplicar el cargo por devoluci\u00f3n tard\u00eda de hasta $&nbsp;160.00&nbsp;m\u00e1s impuestos. d) Los clientes pueden modificar su reserva con al menos 48 horas de anticipaci\u00f3n a la hora de recogida. e) Las cancelaciones, no presentarse a la reserva o no calificar para el alquiler en el mostrador estar\u00e1n sujetas a un cargo de alquiler de un d\u00eda o una tarifa administrativa de $&nbsp;150.00, lo que sea mayor. Todas las cancelaciones y modificaciones deben realizarse a trav\u00e9s de la fuente de reserva original o mediante el correo electr\u00f3nico info@universalrentacars.com. Todos los prepagos de reservas realizados no son reembolsables. En caso de cancelaci\u00f3n o cambio en tu itinerario tienes hasta 18 meses para hacer uso de los d\u00edas de reserva adquiridos. f) Las reprogramaciones se realizaran en base a los d\u00edas reservados y no podr\u00e1n ser menores en cantidad de d\u00edas adquiridos en la reserva original. g)No se garantiza un modelo de veh\u00edculo en especio, m\u00e1s se garantizar\u00e1n sus similares al momento de su recogida. h) Los veh\u00edculos podr\u00e1n ser entregados y retornado \u00fanicamente en nuestras instalaciones, queda a total discreci\u00f3n de la rentadora la entrega y recepci\u00f3n en otras locaciones. i)Los veh\u00edculos pueden circular s\u00f3lo dentro del territorio del estado donde se recogieron. En el caso de que se violen las Restricciones Transfronterizas y Territoriales, todas las coberturas de seguro pierden su validez y cargos adicionales pueden ser aplicados.<br><br>Se maneja un periodo de gracia de 1 hora entre la hora reservada para la recogida y la hora de recogida real. Despu\u00e9s de que este periodo haya pasado, la reserva se considera \u201cno recogida\u201d y una tasa por \u201cno show\u201d podr\u00eda aplicarse. Tenga en cuenta que el periodo de gracia no es aplicable fuera del horario de apertura de la estaci\u00f3n. En caso de retraso, le aconsejamos que se ponga directamente en contacto con la o\ufb01cina de alquiler de coches.<br><br>Los pagos que se realicen por este medio no son reembolsables, sin embargo, en caso de verse obligado a alg\u00fan cambio, tendr\u00e1 hasta 18 meses a partir de la fecha que se ten\u00eda previsto tomar el veh\u00edculo, para utilizar los d\u00edas de renta adquiridos (reprogramar) en fechas abiertas. Recuerde que el servicio adquirido es en base a \u201cd\u00edas de renta\u201d por lo que, al precisar una reprogramaci\u00f3n, esta debe ser igual o mayor a los d\u00edas de renta adquiridos originalmente, no se fraccionara la reserva con base en el dinero abonado.<br><br><br>Horario de atenci\u00f3n al cliente: 6:00 \u2013 21:00. Rentas despu\u00e9s de las 21:00 y antes de las 6:00 tendr\u00e1n un fee adicional por atenci\u00f3n fuera de horario de o\ufb01cina por un valor de $50 USD. Queda total discreci\u00f3n de la rentadora la b\u00fasqueda fuera de horario, basados en disponibilidad de personal entre otras cosas.<\/p>\n\n\n\n<p>Todo cambio a una confirmaci\u00f3n debe ser solicitado por correo electr\u00f3nico a\u00a0Reservas@drivesmarttravel.com\u00a0con al menos 48 hrs de anticipaci\u00f3n.<\/p>\n\n\n\n<p>Todo cambio de fecha a una confirmaci\u00f3n solicitado con 7 d\u00edas o menos a la fecha de llegada, tendr\u00e1n un cargo de&nbsp;$29.00&nbsp;USD y estar\u00e1n sujetos a disponibilidad.<\/p>\n","protected":false},"excerpt":{"rendered":"<p>T\u00e9rminos y condiciones -Documentaci\u00f3n Obligatoria: Al momento de la recogida del veh\u00edculo el conductor deber\u00e1 presentar los siguientes documentos:\u2013 &nbsp; &nbsp; &nbsp; &nbsp;Factura (Confirmaci\u00f3n) de reserva.\u2013 &nbsp; &nbsp; &nbsp; &nbsp;Comprobante de condiciones del alquiler (T\u00e9rminos y condiciones).\u2013 &nbsp; &nbsp; &nbsp; &nbsp;Pasaporte \/ Documento nacional de identi\ufb01caci\u00f3n.\u2013 &nbsp; &nbsp; &nbsp; &nbsp;Licencia Valida y vigente.\u2013 &nbsp; &nbsp; &hellip;<\/p>\n<p class=\"read-more\"> <a class=\"\" href=\"https:\/\/drivesmarttravel.com\/?page_id=3\"> <span class=\"screen-reader-text\">Terminos y Condiciones<\/span> Leer m\u00e1s &raquo;<\/a><\/p>\n","protected":false},"author":1,"featured_media":0,"parent":0,"menu_order":0,"comment_status":"closed","ping_status":"closed","template":"","meta":{"_uag_custom_page_level_css":"","site-sidebar-layout":"default","site-content-layout":"","ast-site-content-layout":"default","site-content-style":"default","site-sidebar-style":"default","ast-global-header-display":"","ast-banner-title-visibility":"","ast-main-header-display":"","ast-hfb-above-header-display":"","ast-hfb-below-header-display":"","ast-hfb-mobile-header-display":"","site-post-title":"disabled","ast-breadcrumbs-content":"","ast-featured-img":"","footer-sml-layout":"","theme-transparent-header-meta":"","adv-header-id-meta":"","stick-header-meta":"","header-above-stick-meta":"","header-main-stick-meta":"","header-below-stick-meta":"","astra-migrate-meta-layouts":"set","ast-page-background-enabled":"default","ast-page-background-meta":{"desktop":{"background-color":"var(--ast-global-color-4)","background-image":"","background-repeat":"repeat","background-position":"center center","background-size":"auto","background-attachment":"scroll","background-type":"","background-media":"","overlay-type":"","overlay-color":"","overlay-gradient":""},"tablet":{"background-color":"","background-image":"","background-repeat":"repeat","background-position":"center center","background-size":"auto","background-attachment":"scroll","background-type":"","background-media":"","overlay-type":"","overlay-color":"","overlay-gradient":""},"mobile":{"background-color":"","background-image":"","background-repeat":"repeat","background-position":"center center","background-size":"auto","background-attachment":"scroll","background-type":"","background-media":"","overlay-type":"","overlay-color":"","overlay-gradient":""}},"ast-content-background-meta":{"desktop":{"background-color":"var(--ast-global-color-5)","background-image":"","background-repeat":"repeat","background-position":"center center","background-size":"auto","background-attachment":"scroll","background-type":"","background-media":"","overlay-type":"","overlay-color":"","overlay-gradient":""},"tablet":{"background-color":"var(--ast-global-color-5)","background-image":"","background-repeat":"repeat","background-position":"center center","background-size":"auto","background-attachment":"scroll","background-type":"","background-media":"","overlay-type":"","overlay-color":"","overlay-gradient":""},"mobile":{"background-color":"var(--ast-global-color-5)","background-image":"","background-repeat":"repeat","background-position":"center center","background-size":"auto","background-attachment":"scroll","background-type":"","background-media":"","overlay-type":"","overlay-color":"","overlay-gradient":""}},"footnotes":""},"class_list":["post-3","page","type-page","status-publish","hentry"],"uagb_featured_image_src":{"full":false,"thumbnail":false,"medium":false,"medium_large":false,"large":false,"1536x1536":false,"2048x2048":false},"uagb_author_info":{"display_name":"admin","author_link":"https:\/\/drivesmarttravel.com\/?author=1"},"uagb_comment_info":0,"uagb_excerpt":"T\u00e9rminos y condiciones -Documentaci\u00f3n Obligatoria: Al momento de la recogida del veh\u00edculo el conductor deber\u00e1 presentar los siguientes documentos:\u2013 &nbsp; &nbsp; &nbsp; &nbsp;Factura (Confirmaci\u00f3n) de reserva.\u2013 &nbsp; &nbsp; &nbsp; &nbsp;Comprobante de condiciones del alquiler (T\u00e9rminos y condiciones).\u2013 &nbsp; &nbsp; &nbsp; &nbsp;Pasaporte \/ Documento nacional de identi\ufb01caci\u00f3n.\u2013 &nbsp; &nbsp; &nbsp; &nbsp;Licencia Valida y vigente.\u2013 &nbsp; &nbsp;&hellip;","_links":{"self":[{"href":"https:\/\/drivesmarttravel.com\/index.php?rest_route=\/wp\/v2\/pages\/3","targetHints":{"allow":["GET"]}}],"collection":[{"href":"https:\/\/drivesmarttravel.com\/index.php?rest_route=\/wp\/v2\/pages"}],"about":[{"href":"https:\/\/drivesmarttravel.com\/index.php?rest_route=\/wp\/v2\/types\/page"}],"author":[{"embeddable":true,"href":"https:\/\/drivesmarttravel.com\/index.php?rest_route=\/wp\/v2\/users\/1"}],"replies":[{"embeddable":true,"href":"https:\/\/drivesmarttravel.com\/index.php?rest_route=%2Fwp%2Fv2%2Fcomments&post=3"}],"version-history":[{"count":3,"href":"https:\/\/drivesmarttravel.com\/index.php?rest_route=\/wp\/v2\/pages\/3\/revisions"}],"predecessor-version":[{"id":377,"href":"https:\/\/drivesmarttravel.com\/index.php?rest_route=\/wp\/v2\/pages\/3\/revisions\/377"}],"wp:attachment":[{"href":"https:\/\/drivesmarttravel.com\/index.php?rest_route=%2Fwp%2Fv2%2Fmedia&parent=3"}],"curies":[{"name":"wp","href":"https:\/\/api.w.org\/{rel}","templated":true}]}}